{"id":21,"date":"2026-04-11T18:57:47","date_gmt":"2026-04-11T18:57:47","guid":{"rendered":"https:\/\/wp.demepool.com\/?page_id=21"},"modified":"2026-04-11T19:17:06","modified_gmt":"2026-04-11T19:17:06","slug":"demepool-demenageur-professionnel-experts-demenagement-%e2%9c%85","status":"publish","type":"page","link":"https:\/\/wp.demepool.com\/","title":{"rendered":"D\u00e9m\u00e9pool : D\u00e9m\u00e9nageur professionnel experts d\u00e9m\u00e9nagement \u2705"},"content":{"rendered":"<div class=\"et_pb_section_0 et_pb_section et_section_regular et_flex_section\">\n<div class=\"et_pb_row_0 et_pb_row et_flex_row\">\n<div class=\"et_pb_column_0 et_pb_column et_flex_column et_pb_css_mix_blend_mode_passthrough et_flex_column_2_5 et_flex_column_2_5_tablet et_flex_column_24_24_phone\">\n<div class=\"et_pb_text_0 et_pb_text et_pb_bg_layout_light et_pb_module et_flex_module preset--module--divi-text--default\"><div class=\"et_pb_text_inner\"><h1><span>Plus de 50 ans d\u2019expertise en d\u00e9m\u00e9nagement au service des familles et des entreprises !<\/span><\/h1>\n<\/div><\/div>\n\n<div class=\"et_pb_image_0 et_pb_image et_pb_module et_flex_module\"><span class=\"et_pb_image_wrap\"><img loading=\"lazy\" decoding=\"async\" src=\"https:\/\/wp.demepool.com\/wp-content\/uploads\/2026\/04\/logo-50ans.png\" alt=\"50 ans\" title=\"logo-50ans\" width=\"500\" height=\"500\" srcset=\"https:\/\/wp.demepool.com\/wp-content\/uploads\/2026\/04\/logo-50ans.png 500w, https:\/\/wp.demepool.com\/wp-content\/uploads\/2026\/04\/logo-50ans-480x480.png 480w\" sizes=\"(min-width: 0px) and (max-width: 480px) 480px, (min-width: 481px) 500px, 100vw\" class=\"wp-image-32\" \/><\/span><\/div>\n<\/div>\n\n<div class=\"et_pb_column_1 et_pb_column et-last-child et_flex_column et_pb_css_mix_blend_mode_passthrough et_flex_column_3_5 et_flex_column_3_5_tablet et_flex_column_24_24_phone\">\n<div class=\"et_pb_image_1 et_pb_image et_pb_module et_flex_module\"><span class=\"et_pb_image_wrap\"><img loading=\"lazy\" decoding=\"async\" src=\"https:\/\/wp.demepool.com\/wp-content\/uploads\/2026\/04\/Photo-site-home.png\" title=\"Photo-site-home\" width=\"1080\" height=\"1080\" srcset=\"https:\/\/wp.demepool.com\/wp-content\/uploads\/2026\/04\/Photo-site-home.png 1080w, https:\/\/wp.demepool.com\/wp-content\/uploads\/2026\/04\/Photo-site-home-980x980.png 980w, https:\/\/wp.demepool.com\/wp-content\/uploads\/2026\/04\/Photo-site-home-480x480.png 480w\" sizes=\"(min-width: 0px) and (max-width: 480px) 480px, (min-width: 481px) and (max-width: 980px) 980px, (min-width: 981px) 1080px, 100vw\" class=\"wp-image-30\" \/><\/span><\/div>\n<\/div>\n<\/div>\n<\/div>","protected":false},"excerpt":{"rendered":"","protected":false},"author":1,"featured_media":0,"parent":0,"menu_order":0,"comment_status":"closed","ping_status":"closed","template":"","meta":{"footnotes":""},"class_list":["post-21","page","type-page","status-publish","hentry"],"_links":{"self":[{"href":"https:\/\/wp.demepool.com\/index.php\/wp-json\/wp\/v2\/pages\/21","targetHints":{"allow":["GET"]}}],"collection":[{"href":"https:\/\/wp.demepool.com\/index.php\/wp-json\/wp\/v2\/pages"}],"about":[{"href":"https:\/\/wp.demepool.com\/index.php\/wp-json\/wp\/v2\/types\/page"}],"author":[{"embeddable":true,"href":"https:\/\/wp.demepool.com\/index.php\/wp-json\/wp\/v2\/users\/1"}],"replies":[{"embeddable":true,"href":"https:\/\/wp.demepool.com\/index.php\/wp-json\/wp\/v2\/comments?post=21"}],"version-history":[{"count":7,"href":"https:\/\/wp.demepool.com\/index.php\/wp-json\/wp\/v2\/pages\/21\/revisions"}],"predecessor-version":[{"id":33,"href":"https:\/\/wp.demepool.com\/index.php\/wp-json\/wp\/v2\/pages\/21\/revisions\/33"}],"wp:attachment":[{"href":"https:\/\/wp.demepool.com\/index.php\/wp-json\/wp\/v2\/media?parent=21"}],"curies":[{"name":"wp","href":"https:\/\/api.w.org\/{rel}","templated":true}]}}